{"id":2,"date":"2023-05-24T14:01:38","date_gmt":"2023-05-24T17:01:38","guid":{"rendered":"http:\/\/gmaqrefrigeracao.com\/?page_id=2"},"modified":"2023-07-20T08:52:29","modified_gmt":"2023-07-20T11:52:29","slug":"pagina-exemplo","status":"publish","type":"page","link":"https:\/\/gmaqrefrigeracao.com\/","title":{"rendered":"GMAQ-REFRIGERA\u00c7\u00c3O"},"content":{"rendered":"\t\t<div data-elementor-type=\"wp-page\" data-elementor-id=\"2\" class=\"elementor elementor-2\">\n\t\t\t\t\t\t<section class=\"elementor-section elementor-top-section elementor-element elementor-element-fb2ecfc elementor-section-boxed elementor-section-height-default elementor-section-height-default\" data-id=\"fb2ecfc\" data-element_type=\"section\">\n\t\t\t\t\t\t<div class=\"elementor-container elementor-column-gap-default\">\n\t\t\t\t\t<div class=\"elementor-column elementor-col-100 elementor-top-column elementor-element elementor-element-6f632eb\" data-id=\"6f632eb\" data-element_type=\"column\">\n\t\t\t<div class=\"elementor-widget-wrap elementor-element-populated\">\n\t\t\t\t\t\t<div class=\"elementor-element elementor-element-03f99f3 elementor-widget elementor-widget-image\" data-id=\"03f99f3\" data-element_type=\"widget\" data-widget_type=\"image.default\">\n\t\t\t\t<div class=\"elementor-widget-container\">\n\t\t\t\t\t\t\t\t\t\t\t\t\t\t\t<img fetchpriority=\"high\" decoding=\"async\" width=\"800\" height=\"423\" src=\"https:\/\/gmaqrefrigeracao.com\/wp-content\/uploads\/2023\/05\/gmaq-logo-2-1024x542.png\" class=\"attachment-large size-large wp-image-20\" alt=\"\" srcset=\"https:\/\/gmaqrefrigeracao.com\/wp-content\/uploads\/2023\/05\/gmaq-logo-2-1024x542.png 1024w, https:\/\/gmaqrefrigeracao.com\/wp-content\/uploads\/2023\/05\/gmaq-logo-2-300x159.png 300w, https:\/\/gmaqrefrigeracao.com\/wp-content\/uploads\/2023\/05\/gmaq-logo-2-768x406.png 768w, https:\/\/gmaqrefrigeracao.com\/wp-content\/uploads\/2023\/05\/gmaq-logo-2-1536x813.png 1536w, https:\/\/gmaqrefrigeracao.com\/wp-content\/uploads\/2023\/05\/gmaq-logo-2.png 1903w\" sizes=\"(max-width: 800px) 100vw, 800px\" \/>\t\t\t\t\t\t\t\t\t\t\t\t\t\t\t<\/div>\n\t\t\t\t<\/div>\n\t\t\t\t\t<\/div>\n\t\t<\/div>\n\t\t\t\t\t<\/div>\n\t\t<\/section>\n\t\t\t\t<section class=\"elementor-section elementor-top-section elementor-element elementor-element-31b2ba5 elementor-section-boxed elementor-section-height-default elementor-section-height-default\" data-id=\"31b2ba5\" data-element_type=\"section\">\n\t\t\t\t\t\t<div class=\"elementor-container elementor-column-gap-default\">\n\t\t\t\t\t<div class=\"elementor-column elementor-col-100 elementor-top-column elementor-element elementor-element-4a60dc9\" data-id=\"4a60dc9\" data-element_type=\"column\">\n\t\t\t<div class=\"elementor-widget-wrap elementor-element-populated\">\n\t\t\t\t\t\t<div class=\"elementor-element elementor-element-4fc9d1a elementor-hidden-mobile elementor-widget elementor-widget-heading\" data-id=\"4fc9d1a\" data-element_type=\"widget\" data-widget_type=\"heading.default\">\n\t\t\t\t<div class=\"elementor-widget-container\">\n\t\t\t\t\t<h2 class=\"elementor-heading-title elementor-size-default\">CONSERTAMOS OS APARELHOS:\nGELADEIRAS -M\u00c1QUINA DE LAVAR\nLAVA-LOU\u00c7AS - SECADORAS<\/h2>\t\t\t\t<\/div>\n\t\t\t\t<\/div>\n\t\t\t\t<div class=\"elementor-element elementor-element-1ba3cbd elementor-hidden-desktop elementor-widget elementor-widget-heading\" data-id=\"1ba3cbd\" data-element_type=\"widget\" data-widget_type=\"heading.default\">\n\t\t\t\t<div class=\"elementor-widget-container\">\n\t\t\t\t\t<h3 class=\"elementor-heading-title elementor-size-default\">CONSERTAMOS OS APARELHOS:\nGELADEIRAS M\u00c1QUINA DE LAVAR\nLAVA-LOU\u00c7AS SECADORAS<\/h3>\t\t\t\t<\/div>\n\t\t\t\t<\/div>\n\t\t\t\t<div class=\"elementor-element elementor-element-0cb2e2f elementor-widget elementor-widget-image\" data-id=\"0cb2e2f\" data-element_type=\"widget\" data-widget_type=\"image.default\">\n\t\t\t\t<div class=\"elementor-widget-container\">\n\t\t\t\t\t\t\t\t\t\t\t\t\t\t\t<img decoding=\"async\" width=\"800\" height=\"800\" src=\"https:\/\/gmaqrefrigeracao.com\/wp-content\/uploads\/2023\/05\/Design-sem-nome-18-1024x1024.png\" class=\"attachment-large size-large wp-image-33\" alt=\"\" srcset=\"https:\/\/gmaqrefrigeracao.com\/wp-content\/uploads\/2023\/05\/Design-sem-nome-18-1024x1024.png 1024w, https:\/\/gmaqrefrigeracao.com\/wp-content\/uploads\/2023\/05\/Design-sem-nome-18-300x300.png 300w, https:\/\/gmaqrefrigeracao.com\/wp-content\/uploads\/2023\/05\/Design-sem-nome-18-150x150.png 150w, https:\/\/gmaqrefrigeracao.com\/wp-content\/uploads\/2023\/05\/Design-sem-nome-18-768x768.png 768w, https:\/\/gmaqrefrigeracao.com\/wp-content\/uploads\/2023\/05\/Design-sem-nome-18.png 1080w\" sizes=\"(max-width: 800px) 100vw, 800px\" \/>\t\t\t\t\t\t\t\t\t\t\t\t\t\t\t<\/div>\n\t\t\t\t<\/div>\n\t\t\t\t<div class=\"elementor-element elementor-element-78e6e18 elementor-widget elementor-widget-button\" data-id=\"78e6e18\" data-element_type=\"widget\" data-widget_type=\"button.default\">\n\t\t\t\t<div class=\"elementor-widget-container\">\n\t\t\t\t\t\t\t\t\t<div class=\"elementor-button-wrapper\">\n\t\t\t\t\t<a class=\"elementor-button elementor-button-link elementor-size-sm\" href=\"https:\/\/api.whatsapp.com\/send?phone=5561984658394\">\n\t\t\t\t\t\t<span class=\"elementor-button-content-wrapper\">\n\t\t\t\t\t\t\t\t\t<span class=\"elementor-button-text\">CLIQUE AQUI E FALE CONOSCO!  AGENDE SEU OR\u00c7AMENTO GR\u00c1TIS<\/span>\n\t\t\t\t\t<\/span>\n\t\t\t\t\t<\/a>\n\t\t\t\t<\/div>\n\t\t\t\t\t\t\t\t<\/div>\n\t\t\t\t<\/div>\n\t\t\t\t\t<\/div>\n\t\t<\/div>\n\t\t\t\t\t<\/div>\n\t\t<\/section>\n\t\t\t\t<section class=\"elementor-section elementor-top-section elementor-element elementor-element-cb2809f elementor-section-boxed elementor-section-height-default elementor-section-height-default\" data-id=\"cb2809f\" data-element_type=\"section\">\n\t\t\t\t\t\t<div class=\"elementor-container elementor-column-gap-default\">\n\t\t\t\t\t<div class=\"elementor-column elementor-col-100 elementor-top-column elementor-element elementor-element-7a1b8144\" data-id=\"7a1b8144\" data-element_type=\"column\">\n\t\t\t<div class=\"elementor-widget-wrap elementor-element-populated\">\n\t\t\t\t\t\t<div class=\"elementor-element elementor-element-be05421 elementor-widget elementor-widget-image\" data-id=\"be05421\" data-element_type=\"widget\" data-widget_type=\"image.default\">\n\t\t\t\t<div class=\"elementor-widget-container\">\n\t\t\t\t\t\t\t\t\t\t\t\t\t\t\t<img decoding=\"async\" width=\"762\" height=\"422\" src=\"https:\/\/gmaqrefrigeracao.com\/wp-content\/uploads\/2023\/05\/GMAQ-INSTAGRAM.png\" class=\"attachment-large size-large wp-image-28\" alt=\"\" srcset=\"https:\/\/gmaqrefrigeracao.com\/wp-content\/uploads\/2023\/05\/GMAQ-INSTAGRAM.png 762w, https:\/\/gmaqrefrigeracao.com\/wp-content\/uploads\/2023\/05\/GMAQ-INSTAGRAM-300x166.png 300w\" sizes=\"(max-width: 762px) 100vw, 762px\" \/>\t\t\t\t\t\t\t\t\t\t\t\t\t\t\t<\/div>\n\t\t\t\t<\/div>\n\t\t\t\t\t<\/div>\n\t\t<\/div>\n\t\t\t\t\t<\/div>\n\t\t<\/section>\n\t\t\t\t<section class=\"elementor-section elementor-top-section elementor-element elementor-element-decdd2d elementor-section-boxed elementor-section-height-default elementor-section-height-default\" data-id=\"decdd2d\" data-element_type=\"section\">\n\t\t\t\t\t\t<div class=\"elementor-container elementor-column-gap-default\">\n\t\t\t\t\t<div class=\"elementor-column elementor-col-100 elementor-top-column elementor-element elementor-element-87d0b0b\" data-id=\"87d0b0b\" data-element_type=\"column\">\n\t\t\t<div class=\"elementor-widget-wrap elementor-element-populated\">\n\t\t\t\t\t\t<div class=\"elementor-element elementor-element-2ce806a elementor-hidden-mobile elementor-widget elementor-widget-heading\" data-id=\"2ce806a\" data-element_type=\"widget\" data-widget_type=\"heading.default\">\n\t\t\t\t<div class=\"elementor-widget-container\">\n\t\t\t\t\t<h2 class=\"elementor-heading-title elementor-size-default\">N\u00e3o desperdice dinheiro comprando uma m\u00e1quina de lavar ou geladeira nova quando podemos consertar a sua por uma fra\u00e7\u00e3o do pre\u00e7o. Nossa loja oferece solu\u00e7\u00f5es acess\u00edveis e eficientes para manter seu eletrodom\u00e9stico funcionando perfeitamente.<\/h2>\t\t\t\t<\/div>\n\t\t\t\t<\/div>\n\t\t\t\t<div class=\"elementor-element elementor-element-39fa587 elementor-hidden-desktop elementor-widget elementor-widget-heading\" data-id=\"39fa587\" data-element_type=\"widget\" data-widget_type=\"heading.default\">\n\t\t\t\t<div class=\"elementor-widget-container\">\n\t\t\t\t\t<h2 class=\"elementor-heading-title elementor-size-default\">N\u00e3o desperdice dinheiro comprando uma m\u00e1quina de lavar ou geladeira nova quando podemos consertar a sua por uma fra\u00e7\u00e3o do pre\u00e7o. Nossa loja oferece solu\u00e7\u00f5es acess\u00edveis e eficientes para manter seu eletrodom\u00e9stico funcionando perfeitamente.<\/h2>\t\t\t\t<\/div>\n\t\t\t\t<\/div>\n\t\t\t\t\t<\/div>\n\t\t<\/div>\n\t\t\t\t\t<\/div>\n\t\t<\/section>\n\t\t\t\t<section class=\"elementor-section elementor-top-section elementor-element elementor-element-323a8ee elementor-section-boxed elementor-section-height-default elementor-section-height-default\" data-id=\"323a8ee\" data-element_type=\"section\">\n\t\t\t\t\t\t<div class=\"elementor-container elementor-column-gap-default\">\n\t\t\t\t\t<div class=\"elementor-column elementor-col-33 elementor-top-column elementor-element elementor-element-3ffca85\" data-id=\"3ffca85\" data-element_type=\"column\">\n\t\t\t<div class=\"elementor-widget-wrap elementor-element-populated\">\n\t\t\t\t\t\t<div class=\"elementor-element elementor-element-1a59f13 elementor-align-center elementor-widget__width-initial elementor-widget elementor-widget-button\" data-id=\"1a59f13\" data-element_type=\"widget\" data-widget_type=\"button.default\">\n\t\t\t\t<div class=\"elementor-widget-container\">\n\t\t\t\t\t\t\t\t\t<div class=\"elementor-button-wrapper\">\n\t\t\t\t\t<a class=\"elementor-button elementor-button-link elementor-size-sm\" href=\"https:\/\/api.whatsapp.com\/send?phone=5561984658394\">\n\t\t\t\t\t\t<span class=\"elementor-button-content-wrapper\">\n\t\t\t\t\t\t\t\t\t<span class=\"elementor-button-text\">CLIQUE AQUI E FALE CONOSCO! AGENDE SEU OR\u00c7AMENTO GR\u00c1TIS!<\/span>\n\t\t\t\t\t<\/span>\n\t\t\t\t\t<\/a>\n\t\t\t\t<\/div>\n\t\t\t\t\t\t\t\t<\/div>\n\t\t\t\t<\/div>\n\t\t\t\t\t<\/div>\n\t\t<\/div>\n\t\t\t\t<div class=\"elementor-column elementor-col-33 elementor-top-column elementor-element elementor-element-b29aa7f\" data-id=\"b29aa7f\" data-element_type=\"column\">\n\t\t\t<div class=\"elementor-widget-wrap elementor-element-populated\">\n\t\t\t\t\t\t<div class=\"elementor-element elementor-element-7bdd732 elementor-widget elementor-widget-image\" data-id=\"7bdd732\" data-element_type=\"widget\" data-widget_type=\"image.default\">\n\t\t\t\t<div class=\"elementor-widget-container\">\n\t\t\t\t\t\t\t\t\t\t\t\t\t\t\t<img fetchpriority=\"high\" decoding=\"async\" width=\"800\" height=\"423\" src=\"https:\/\/gmaqrefrigeracao.com\/wp-content\/uploads\/2023\/05\/gmaq-logo-2-1024x542.png\" class=\"attachment-large size-large wp-image-20\" alt=\"\" srcset=\"https:\/\/gmaqrefrigeracao.com\/wp-content\/uploads\/2023\/05\/gmaq-logo-2-1024x542.png 1024w, https:\/\/gmaqrefrigeracao.com\/wp-content\/uploads\/2023\/05\/gmaq-logo-2-300x159.png 300w, https:\/\/gmaqrefrigeracao.com\/wp-content\/uploads\/2023\/05\/gmaq-logo-2-768x406.png 768w, https:\/\/gmaqrefrigeracao.com\/wp-content\/uploads\/2023\/05\/gmaq-logo-2-1536x813.png 1536w, https:\/\/gmaqrefrigeracao.com\/wp-content\/uploads\/2023\/05\/gmaq-logo-2.png 1903w\" sizes=\"(max-width: 800px) 100vw, 800px\" \/>\t\t\t\t\t\t\t\t\t\t\t\t\t\t\t<\/div>\n\t\t\t\t<\/div>\n\t\t\t\t\t<\/div>\n\t\t<\/div>\n\t\t\t\t<div class=\"elementor-column elementor-col-33 elementor-top-column elementor-element elementor-element-43abaa9\" data-id=\"43abaa9\" data-element_type=\"column\">\n\t\t\t<div class=\"elementor-widget-wrap elementor-element-populated\">\n\t\t\t\t\t\t<div class=\"elementor-element elementor-element-223eedb elementor-widget elementor-widget-text-editor\" data-id=\"223eedb\" data-element_type=\"widget\" data-widget_type=\"text-editor.default\">\n\t\t\t\t<div class=\"elementor-widget-container\">\n\t\t\t\t\t\t\t\t\t<h2 class=\"elementor-heading-title elementor-size-default\" style=\"font-family: Roboto, sans-serif; font-weight: 600; color: #ff0000; font-size: 42px; text-align: center;\">TELEFONES:<\/h2><h2 class=\"elementor-heading-title elementor-size-default\" style=\"font-family: Roboto, sans-serif; font-weight: 600; color: #ff0000; font-size: 42px; text-align: center;\">3345-7000\u00a0<\/h2><h2 class=\"elementor-heading-title elementor-size-default\" style=\"font-family: Roboto, sans-serif; font-weight: 600; color: #ff0000; font-size: 42px; text-align: center;\">(61)984658394<\/h2>\t\t\t\t\t\t\t\t<\/div>\n\t\t\t\t<\/div>\n\t\t\t\t\t<\/div>\n\t\t<\/div>\n\t\t\t\t\t<\/div>\n\t\t<\/section>\n\t\t\t\t<section class=\"elementor-section elementor-top-section elementor-element elementor-element-f435705 elementor-section-boxed elementor-section-height-default elementor-section-height-default\" data-id=\"f435705\" data-element_type=\"section\">\n\t\t\t\t\t\t<div class=\"elementor-container elementor-column-gap-default\">\n\t\t\t\t\t<div class=\"elementor-column elementor-col-100 elementor-top-column elementor-element elementor-element-79b5928\" data-id=\"79b5928\" data-element_type=\"column\">\n\t\t\t<div class=\"elementor-widget-wrap\">\n\t\t\t\t\t\t\t<\/div>\n\t\t<\/div>\n\t\t\t\t\t<\/div>\n\t\t<\/section>\n\t\t\t\t<\/div>\n\t\t","protected":false},"excerpt":{"rendered":"<p>CONSERTAMOS OS APARELHOS: GELADEIRAS -M\u00c1QUINA DE LAVAR LAVA-LOU\u00c7AS &#8211; SECADORAS CONSERTAMOS OS APARELHOS: GELADEIRAS M\u00c1QUINA DE LAVAR LAVA-LOU\u00c7AS SECADORAS CLIQUE AQUI E FALE CONOSCO! AGENDE SEU OR\u00c7AMENTO GR\u00c1TIS N\u00e3o desperdice dinheiro comprando uma m\u00e1quina de lavar ou geladeira nova quando podemos consertar a sua por uma fra\u00e7\u00e3o do pre\u00e7o. Nossa loja oferece solu\u00e7\u00f5es acess\u00edveis e [&hellip;]<\/p>\n","protected":false},"author":1,"featured_media":20,"parent":0,"menu_order":0,"comment_status":"closed","ping_status":"open","template":"","meta":{"footnotes":""},"class_list":["post-2","page","type-page","status-publish","has-post-thumbnail","hentry"],"_links":{"self":[{"href":"https:\/\/gmaqrefrigeracao.com\/index.php\/wp-json\/wp\/v2\/pages\/2","targetHints":{"allow":["GET"]}}],"collection":[{"href":"https:\/\/gmaqrefrigeracao.com\/index.php\/wp-json\/wp\/v2\/pages"}],"about":[{"href":"https:\/\/gmaqrefrigeracao.com\/index.php\/wp-json\/wp\/v2\/types\/page"}],"author":[{"embeddable":true,"href":"https:\/\/gmaqrefrigeracao.com\/index.php\/wp-json\/wp\/v2\/users\/1"}],"replies":[{"embeddable":true,"href":"https:\/\/gmaqrefrigeracao.com\/index.php\/wp-json\/wp\/v2\/comments?post=2"}],"version-history":[{"count":161,"href":"https:\/\/gmaqrefrigeracao.com\/index.php\/wp-json\/wp\/v2\/pages\/2\/revisions"}],"predecessor-version":[{"id":206,"href":"https:\/\/gmaqrefrigeracao.com\/index.php\/wp-json\/wp\/v2\/pages\/2\/revisions\/206"}],"wp:featuredmedia":[{"embeddable":true,"href":"https:\/\/gmaqrefrigeracao.com\/index.php\/wp-json\/wp\/v2\/media\/20"}],"wp:attachment":[{"href":"https:\/\/gmaqrefrigeracao.com\/index.php\/wp-json\/wp\/v2\/media?parent=2"}],"curies":[{"name":"wp","href":"https:\/\/api.w.org\/{rel}","templated":true}]}}